{"id":91,"date":"2022-04-29T17:55:44","date_gmt":"2022-04-29T17:55:44","guid":{"rendered":"https:\/\/bsc-schmallenberg.de\/?page_id=91"},"modified":"2024-02-21T13:39:14","modified_gmt":"2024-02-21T13:39:14","slug":"training","status":"publish","type":"page","link":"https:\/\/bsc-schmallenberg.de\/?page_id=91","title":{"rendered":"Trainingszeiten"},"content":{"rendered":"\n<p>\u00dcber \u00c4nderungen wird auf der Seite <a href=\"https:\/\/bsc-schmallenberg.de\/?page_id=19\" data-type=\"page\" data-id=\"19\">Neuigkeiten<\/a> informiert.<\/p>\n\n\n\n<h2 class=\"wp-block-heading\">Unsere Trainingszeiten (Hallensaison)<\/h2>\n\n\n\n<figure id=\"hpage_table_qrxbhinu\" class=\"wp-block-table\"><table><tbody><tr><td><strong>Samstags<\/strong><\/td><td><strong>14:00 &#8211; 16:00 Uhr<\/strong><\/td><td><strong>Anf\u00e4nger-\/Jugendtraining<\/strong><\/td><\/tr><tr><td><strong>Samstags<\/strong><\/td><td><strong>16:15 &#8211; ca. 18:15 Uhr<\/strong><\/td><td><strong>Erwachsene&nbsp;<\/strong><\/td><\/tr><tr><td><strong>Sonntags<\/strong><\/td><td><strong>13:00 &#8211; 15:15 Uhr<\/strong><br><strong>15:30 &#8211; 17:30 Uhr<\/strong><\/td><td><strong>Erwachsene<\/strong><br><strong>Ligatraining<\/strong> (nur Hallen Saison)<\/td><\/tr><tr><td><strong>Mittwochs<\/strong> <\/td><td><strong>17:30 &#8211; 20:00 Uhr<\/strong> <\/td><td><strong>Erwachsene<\/strong><\/td><\/tr><\/tbody><\/table><\/figure>\n\n\n\n<p>F\u00fcr alle Einsteiger und Neulinge bieten wir in regelm\u00e4\u00dfigen Abst\u00e4nden Schnupperkurse an. Mehr dazu erfahrt ihr unter <a href=\"https:\/\/bsc-schmallenberg.de\/?page_id=130\" data-type=\"page\" data-id=\"130\">Schnupperkurs<\/a>.<\/p>\n","protected":false},"excerpt":{"rendered":"<p>\u00dcber \u00c4nderungen wird auf der Seite Neuigkeiten informiert. Unsere Trainingszeiten (Hallensaison) Samstags 14:00 &#8211; 16:00 Uhr Anf\u00e4nger-\/Jugendtraining Samstags 16:15 &#8211; ca. 18:15 Uhr Erwachsene&nbsp; Sonntags 13:00 &#8211; 15:15 Uhr15:30 &#8211; &hellip; <a href=\"https:\/\/bsc-schmallenberg.de\/?page_id=91\" class=\"more-link\"><span class=\"screen-reader-text\">Trainingszeiten<\/span> weiterlesen<\/a><\/p>\n","protected":false},"author":1,"featured_media":0,"parent":88,"menu_order":0,"comment_status":"closed","ping_status":"closed","template":"templates\/full-width-page.php","meta":{"ngg_post_thumbnail":0,"footnotes":""},"class_list":["post-91","page","type-page","status-publish","hentry"],"_links":{"self":[{"href":"https:\/\/bsc-schmallenberg.de\/index.php?rest_route=\/wp\/v2\/pages\/91","targetHints":{"allow":["GET"]}}],"collection":[{"href":"https:\/\/bsc-schmallenberg.de\/index.php?rest_route=\/wp\/v2\/pages"}],"about":[{"href":"https:\/\/bsc-schmallenberg.de\/index.php?rest_route=\/wp\/v2\/types\/page"}],"author":[{"embeddable":true,"href":"https:\/\/bsc-schmallenberg.de\/index.php?rest_route=\/wp\/v2\/users\/1"}],"replies":[{"embeddable":true,"href":"https:\/\/bsc-schmallenberg.de\/index.php?rest_route=%2Fwp%2Fv2%2Fcomments&post=91"}],"version-history":[{"count":9,"href":"https:\/\/bsc-schmallenberg.de\/index.php?rest_route=\/wp\/v2\/pages\/91\/revisions"}],"predecessor-version":[{"id":1694,"href":"https:\/\/bsc-schmallenberg.de\/index.php?rest_route=\/wp\/v2\/pages\/91\/revisions\/1694"}],"up":[{"embeddable":true,"href":"https:\/\/bsc-schmallenberg.de\/index.php?rest_route=\/wp\/v2\/pages\/88"}],"wp:attachment":[{"href":"https:\/\/bsc-schmallenberg.de\/index.php?rest_route=%2Fwp%2Fv2%2Fmedia&parent=91"}],"curies":[{"name":"wp","href":"https:\/\/api.w.org\/{rel}","templated":true}]}}