{"id":48,"date":"2022-03-15T08:49:30","date_gmt":"2022-03-15T08:49:30","guid":{"rendered":"https:\/\/bsc-schmallenberg.de\/?page_id=48"},"modified":"2022-05-02T14:08:32","modified_gmt":"2022-05-02T14:08:32","slug":"impressum","status":"publish","type":"page","link":"https:\/\/bsc-schmallenberg.de\/?page_id=48","title":{"rendered":"Impressum"},"content":{"rendered":"\n<p>F\u00fcr diese Seiten zeigt sich verantwortlich:<\/p>\n\n\n\n<p><strong>Bogensportclub Schmallenberg e.V.<\/strong><\/p>\n\n\n\n<p>Registergericht: Amtsgericht Arnsberg VR 60200<\/p>\n\n\n\n<p>Vertretungsberechtigt:<\/p>\n\n\n\n<p>Stefan Heinz<br>Kapellenfeld 3<br>59889 Eslohe<br>Tel.: 02973\/975880<br>info@bsc-schmallenberg.de<br><\/p>\n\n\n\n<p><strong>Haftungshinweis:&nbsp;<\/strong><br>Trotz sorgf\u00e4ltiger inhaltlicher Kontrolle \u00fcbernehmen wir keine Haftung f\u00fcr die Inhalte externer Links.<br>&nbsp;F\u00fcr den Inhalt der verlinkten Seiten sind ausschlie\u00dflich deren Betreiber verantwortlich.<\/p>\n","protected":false},"excerpt":{"rendered":"<p>F\u00fcr diese Seiten zeigt sich verantwortlich: Bogensportclub Schmallenberg e.V. Registergericht: Amtsgericht Arnsberg VR 60200 Vertretungsberechtigt: Stefan HeinzKapellenfeld 359889 EsloheTel.: 02973\/975880info@bsc-schmallenberg.de Haftungshinweis:&nbsp;Trotz sorgf\u00e4ltiger inhaltlicher Kontrolle \u00fcbernehmen wir keine Haftung f\u00fcr die &hellip; <a href=\"https:\/\/bsc-schmallenberg.de\/?page_id=48\" class=\"more-link\"><span class=\"screen-reader-text\">Impressum<\/span> weiterlesen<\/a><\/p>\n","protected":false},"author":1,"featured_media":0,"parent":0,"menu_order":0,"comment_status":"closed","ping_status":"closed","template":"templates\/full-width-page.php","meta":{"ngg_post_thumbnail":0,"footnotes":""},"class_list":["post-48","page","type-page","status-publish","hentry"],"_links":{"self":[{"href":"https:\/\/bsc-schmallenberg.de\/index.php?rest_route=\/wp\/v2\/pages\/48","targetHints":{"allow":["GET"]}}],"collection":[{"href":"https:\/\/bsc-schmallenberg.de\/index.php?rest_route=\/wp\/v2\/pages"}],"about":[{"href":"https:\/\/bsc-schmallenberg.de\/index.php?rest_route=\/wp\/v2\/types\/page"}],"author":[{"embeddable":true,"href":"https:\/\/bsc-schmallenberg.de\/index.php?rest_route=\/wp\/v2\/users\/1"}],"replies":[{"embeddable":true,"href":"https:\/\/bsc-schmallenberg.de\/index.php?rest_route=%2Fwp%2Fv2%2Fcomments&post=48"}],"version-history":[{"count":5,"href":"https:\/\/bsc-schmallenberg.de\/index.php?rest_route=\/wp\/v2\/pages\/48\/revisions"}],"predecessor-version":[{"id":163,"href":"https:\/\/bsc-schmallenberg.de\/index.php?rest_route=\/wp\/v2\/pages\/48\/revisions\/163"}],"wp:attachment":[{"href":"https:\/\/bsc-schmallenberg.de\/index.php?rest_route=%2Fwp%2Fv2%2Fmedia&parent=48"}],"curies":[{"name":"wp","href":"https:\/\/api.w.org\/{rel}","templated":true}]}}