{"id":19,"date":"2022-03-17T09:05:00","date_gmt":"2022-03-17T09:05:00","guid":{"rendered":"https:\/\/bsc-schmallenberg.de\/?page_id=19"},"modified":"2026-02-10T19:50:55","modified_gmt":"2026-02-10T19:50:55","slug":"neuigkeiten","status":"publish","type":"page","link":"https:\/\/bsc-schmallenberg.de\/?page_id=19","title":{"rendered":"Neuigkeiten"},"content":{"rendered":"\n<h2 class=\"wp-block-heading\">Landesmeisterschaft Halle 2026<\/h2>\n\n\n\n<p>Bei der diesj\u00e4hrigen Landesmeisterschaft konnten unsere Sch\u00fctzen wieder sehr gute Platzierungen vorweisen.<\/p>\n\n\n\n<p>Am Freitag starteten 7 Sch\u00fcler und Jugendliche.<\/p>\n\n\n\n<p>Fabian konnte sich bei seiner ersten Landesmeisterschaft direkt bei den Sch\u00fcler B Recurve durchsetzen und wurde mit 508 Ringen Landesmeister, w\u00e4hrend Jasim den vierten Platz erreichte.<\/p>\n\n\n\n<p>Till holte in der Klasse der Sch\u00fcler C den dritten Rang, Henner wurde vierter, Felix f\u00fcnfter. Als Mannschaft wurden sie Landesmeister.<\/p>\n\n\n\n<p>In der Klasse Sch\u00fcler A Blankbogen startet Lars ebenfalls das erste Mal bei einer Landesmeisterschaft.<\/p>\n\n\n\n<p>David R. wurde im starken Feld der Recurve Jugend m 12. von 25 Startern.<\/p>\n\n\n\n<p>Am Samstag waren dann morgens die Master Recuve am Start. Hier erreichte Markus nach durchwachsenen Durchg\u00e4ngen einen vierten Platz.<\/p>\n\n\n\n<p>Samstagnachmittag ging Alex bei den Compoundern an den Start. Er hat f\u00fcr seinen Hauptverein Wunderthausen geschossen und bei engen Ergebnissen den 15. Platz bei 36 Teilnehmern belegt.<\/p>\n\n\n\n<p>Am Sonntag startete dann Jana bei den Recurve Damen. In der Qualifikation erreichte sie den achten Rang und damit erstmals das Finale. Hier starten die besten Acht in Matches, um die Landesmeisterin zu ermitteln. Jana musste gegen die in der Qualifikation auf Platz eins stehende Ruth ran. Dieses Duell verlor Jana mit 2 : 6.<\/p>\n\n\n\n<p>Anfang Februar k\u00f6nnen wir dann sehen, wer sich f\u00fcr die Deutschen Meisterschaften in Berlin Anfang M\u00e4rz qualifiziert hat.<\/p>\n\n\n\n<hr class=\"wp-block-separator has-alpha-channel-opacity\"\/>\n\n\n\n<h2 class=\"wp-block-heading\">Spenden\u00fcbergabe der Firma KettenWulf<\/h2>\n\n\n\n<p>Am Samstag konnten wir uns w\u00e4hrend des Jugend- und Anf\u00e4ngertrainings \u00fcber eine Spendenscheck\u00fcbergabe freuen.<\/p>\n\n\n\n<figure class=\"wp-block-image size-large\"><img loading=\"lazy\" decoding=\"async\" width=\"1024\" height=\"768\" src=\"https:\/\/bsc-schmallenberg.de\/wp-content\/uploads\/2026\/01\/Scheckuebergabe-KettenWulf-1024x768.jpeg\" alt=\"\" class=\"wp-image-2604\" srcset=\"https:\/\/bsc-schmallenberg.de\/wp-content\/uploads\/2026\/01\/Scheckuebergabe-KettenWulf-1024x768.jpeg 1024w, https:\/\/bsc-schmallenberg.de\/wp-content\/uploads\/2026\/01\/Scheckuebergabe-KettenWulf-300x225.jpeg 300w, https:\/\/bsc-schmallenberg.de\/wp-content\/uploads\/2026\/01\/Scheckuebergabe-KettenWulf-768x576.jpeg 768w, https:\/\/bsc-schmallenberg.de\/wp-content\/uploads\/2026\/01\/Scheckuebergabe-KettenWulf-1536x1152.jpeg 1536w, https:\/\/bsc-schmallenberg.de\/wp-content\/uploads\/2026\/01\/Scheckuebergabe-KettenWulf-685x514.jpeg 685w, https:\/\/bsc-schmallenberg.de\/wp-content\/uploads\/2026\/01\/Scheckuebergabe-KettenWulf-155x116.jpeg 155w, https:\/\/bsc-schmallenberg.de\/wp-content\/uploads\/2026\/01\/Scheckuebergabe-KettenWulf.jpeg 1600w\" sizes=\"auto, (max-width: 1024px) 100vw, 1024px\" \/><\/figure>\n\n\n\n<p>Die Firma KettenWulf aus K\u00fcckelheim hat uns dieses Jahr mit einer Spende bedacht. Statt Weihnachtsgeschenken spenden sie jedes Jahr an Vereine der Umgebung.<\/p>\n\n\n\n<p>Wir werden mit der Spende unsere Ausr\u00fcstung f\u00fcr Schnupperkurs, Anf\u00e4nger und Events aufstocken und erneuern.<\/p>\n\n\n\n<p>Auch hier nochmals vielen Dank daf\u00fcr.<\/p>\n\n\n\n<h2 class=\"wp-block-heading\"><\/h2>\n","protected":false},"excerpt":{"rendered":"<p>Landesmeisterschaft Halle 2026 Bei der diesj\u00e4hrigen Landesmeisterschaft konnten unsere Sch\u00fctzen wieder sehr gute Platzierungen vorweisen. Am Freitag starteten 7 Sch\u00fcler und Jugendliche. Fabian konnte sich bei seiner ersten Landesmeisterschaft direkt &hellip; <a href=\"https:\/\/bsc-schmallenberg.de\/?page_id=19\" class=\"more-link\"><span class=\"screen-reader-text\">Neuigkeiten<\/span> weiterlesen<\/a><\/p>\n","protected":false},"author":1,"featured_media":0,"parent":0,"menu_order":0,"comment_status":"closed","ping_status":"closed","template":"templates\/full-width-page.php","meta":{"ngg_post_thumbnail":0,"footnotes":""},"class_list":["post-19","page","type-page","status-publish","hentry"],"_links":{"self":[{"href":"https:\/\/bsc-schmallenberg.de\/index.php?rest_route=\/wp\/v2\/pages\/19","targetHints":{"allow":["GET"]}}],"collection":[{"href":"https:\/\/bsc-schmallenberg.de\/index.php?rest_route=\/wp\/v2\/pages"}],"about":[{"href":"https:\/\/bsc-schmallenberg.de\/index.php?rest_route=\/wp\/v2\/types\/page"}],"author":[{"embeddable":true,"href":"https:\/\/bsc-schmallenberg.de\/index.php?rest_route=\/wp\/v2\/users\/1"}],"replies":[{"embeddable":true,"href":"https:\/\/bsc-schmallenberg.de\/index.php?rest_route=%2Fwp%2Fv2%2Fcomments&post=19"}],"version-history":[{"count":127,"href":"https:\/\/bsc-schmallenberg.de\/index.php?rest_route=\/wp\/v2\/pages\/19\/revisions"}],"predecessor-version":[{"id":2628,"href":"https:\/\/bsc-schmallenberg.de\/index.php?rest_route=\/wp\/v2\/pages\/19\/revisions\/2628"}],"wp:attachment":[{"href":"https:\/\/bsc-schmallenberg.de\/index.php?rest_route=%2Fwp%2Fv2%2Fmedia&parent=19"}],"curies":[{"name":"wp","href":"https:\/\/api.w.org\/{rel}","templated":true}]}}