{"id":1801,"date":"2024-04-17T13:04:00","date_gmt":"2024-04-17T13:04:00","guid":{"rendered":"https:\/\/bsc-schmallenberg.de\/?page_id=1801"},"modified":"2026-03-14T15:19:13","modified_gmt":"2026-03-14T15:19:13","slug":"veranstaltungskalender","status":"publish","type":"page","link":"https:\/\/bsc-schmallenberg.de\/?page_id=1801","title":{"rendered":"Veranstaltungskalender"},"content":{"rendered":"<p>&nbsp;<\/p>\n<p>\u00dcbersicht \u00fcber anstehende Turniere, die genauen Ausschreibungen findet ihr unter: <a href=\"https:\/\/bsc-schmallenberg.de\/?page_id=112\">Ausschreibungen<\/a><\/p>\n\n\n<p>11. u. 12.04.26 18. Kreuztaler Hallenturnier<\/p>\n\n\n\n<p>17.05.26: KreuzTALER Spa\u00dfturnier f\u00fcr Turnieranf\u00e4nger<\/p>\n\n\n\n<p>31.05.26: Bezirksmeisterschaft Bogen WA im Freien 2026<\/p>\n\n\n\n<p><\/p>\n","protected":false},"excerpt":{"rendered":"<p>&nbsp; \u00dcbersicht \u00fcber anstehende Turniere, die genauen Ausschreibungen findet ihr unter: Ausschreibungen 11. u. 12.04.26 18. Kreuztaler Hallenturnier 17.05.26: KreuzTALER Spa\u00dfturnier f\u00fcr Turnieranf\u00e4nger 31.05.26: Bezirksmeisterschaft Bogen WA im Freien 2026<\/p>\n","protected":false},"author":1,"featured_media":0,"parent":0,"menu_order":0,"comment_status":"closed","ping_status":"closed","template":"","meta":{"ngg_post_thumbnail":0,"footnotes":""},"class_list":["post-1801","page","type-page","status-publish","hentry"],"_links":{"self":[{"href":"https:\/\/bsc-schmallenberg.de\/index.php?rest_route=\/wp\/v2\/pages\/1801","targetHints":{"allow":["GET"]}}],"collection":[{"href":"https:\/\/bsc-schmallenberg.de\/index.php?rest_route=\/wp\/v2\/pages"}],"about":[{"href":"https:\/\/bsc-schmallenberg.de\/index.php?rest_route=\/wp\/v2\/types\/page"}],"author":[{"embeddable":true,"href":"https:\/\/bsc-schmallenberg.de\/index.php?rest_route=\/wp\/v2\/users\/1"}],"replies":[{"embeddable":true,"href":"https:\/\/bsc-schmallenberg.de\/index.php?rest_route=%2Fwp%2Fv2%2Fcomments&post=1801"}],"version-history":[{"count":14,"href":"https:\/\/bsc-schmallenberg.de\/index.php?rest_route=\/wp\/v2\/pages\/1801\/revisions"}],"predecessor-version":[{"id":2640,"href":"https:\/\/bsc-schmallenberg.de\/index.php?rest_route=\/wp\/v2\/pages\/1801\/revisions\/2640"}],"wp:attachment":[{"href":"https:\/\/bsc-schmallenberg.de\/index.php?rest_route=%2Fwp%2Fv2%2Fmedia&parent=1801"}],"curies":[{"name":"wp","href":"https:\/\/api.w.org\/{rel}","templated":true}]}}