{"id":153,"date":"2022-04-29T19:36:30","date_gmt":"2022-04-29T19:36:30","guid":{"rendered":"https:\/\/bsc-schmallenberg.de\/?page_id=153"},"modified":"2022-04-29T19:36:30","modified_gmt":"2022-04-29T19:36:30","slug":"linkliste","status":"publish","type":"page","link":"https:\/\/bsc-schmallenberg.de\/?page_id=153","title":{"rendered":"Linkliste"},"content":{"rendered":"<p>Verb\u00e4nde:<\/p>\n<ul>\n<li><a id=\"linkListLink853776\" href=\"http:\/\/www.wsb1861.de\" target=\"_blank\" rel=\"noopener\">WSB<\/a> : Westf\u00e4lischer Sch\u00fctzenbund<\/li>\n<li><a id=\"linkListLink853778\" href=\"http:\/\/www.dsb.de\" target=\"_blank\" rel=\"noopener\">DSB<\/a> : Deutscher Sch\u00fctzenbund<\/li>\n<li><a id=\"linkListLink854209\" href=\"http:\/\/www.schuetzenkreis-meschede.de\" target=\"_blank\" rel=\"noopener\">KSB<\/a> : Kreissch\u00fctzenbund Meschede<\/li>\n<li><a id=\"linkListLink1076206\" href=\"http:\/\/www.dbsv1959.de\" target=\"_blank\" rel=\"noopener\">DBSV<\/a> : Deutscher Bogensport Verband 1959 e.V.<\/li>\n<\/ul>\n<p>Befreundete Vereine:<\/p>\n<ul>\n<li><a id=\"linkListLink850577\" href=\"http:\/\/www.bogensportfreunde-attendorn.de\" target=\"_blank\" rel=\"noopener\">Bogensportfreunde Attendorn<\/a><\/li>\n<li><a id=\"linkListLink853767\" href=\"http:\/\/www.bsc-kreuztal.de\" target=\"_blank\" rel=\"noopener\">Bogensportclub Kreuztal<\/a><\/li>\n<li><a id=\"linkListLink901842\" href=\"http:\/\/www.tusbarop.de\" target=\"_blank\" rel=\"noopener\">TuS Barop 1862 e.V.<\/a><\/li>\n<li><a id=\"linkListLink854181\" href=\"http:\/\/www.schuetzenbruderschaft-bigge.de\" target=\"_blank\" rel=\"noopener\">Sch\u00fctzenbruderschaft St. Sebastian 1864 Bigge e.V.<\/a><\/li>\n<li><a id=\"linkListLink1286812\" href=\"http:\/\/www.bogensport-siegen.de\/\" target=\"_blank\" rel=\"noopener\">BSC Siegen<\/a><\/li>\n<li><a id=\"linkListLink1297652\" href=\"http:\/\/www.bsv-warendorf.de\/\" target=\"_blank\" rel=\"noopener\">BogenSportVerein Warendorf <\/a><\/li>\n<li><a id=\"linkListLink1183745\" href=\"http:\/\/www.bb-bogenschiessen.de\/\" target=\"_blank\" rel=\"noopener\"> Bogensportclub BB-Berlin e.V.<\/a><\/li>\n<\/ul>\n<p>Weitere Links:<\/p>\n<ul>\n<li><a id=\"linkListLink883739\" href=\"http:\/\/www.bogensport-extra.de\" target=\"_blank\" rel=\"noopener\">Bogensport-extra.de<\/a> : Online-Magazin zum Bogensport<\/li>\n<li><a id=\"linkListLink1065532\" href=\"http:\/\/www.schmallenberg.de\/rathaus.html\" target=\"_blank\" rel=\"noopener\">Stadt Schmallenberg<\/a> : Internetseite der Stadt Schmallenberg<\/li>\n<li><a id=\"linkListLink1310511\" href=\"http:\/\/www.bogenundpfeile.de\" target=\"_blank\" rel=\"noopener\">Bogenschie\u00dfen f\u00fcr Jedermann<\/a> : Alles \u00fcber das Bogenschie\u00dfen<\/li>\n<li><a id=\"linkListLink1336144\" href=\"https:\/\/www.schmallenberg.de\/rathaus\/aktuelles\/veranstaltungen\/\" target=\"_blank\" rel=\"noopener\">Veranstaltungskalender der Stadt Schmallenberg<\/a> : Digitaler Veranstaltungskalender der Stadt Schmallenberg<\/li>\n<li><a id=\"linkListLink1337559\" href=\"https:\/\/www.purecontest.de\/\" target=\"_blank\" rel=\"noopener\">PureContest Software f\u00fcr den Bogensport<\/a><\/li>\n<li><a id=\"linkListLink1337812\" href=\"https:\/\/www.bogenampel.de\/\" target=\"_blank\" rel=\"noopener\">Signalanlagen f\u00fcr den Bogensport<\/a><\/li>\n<\/ul>\n","protected":false},"excerpt":{"rendered":"<p>Verb\u00e4nde: WSB : Westf\u00e4lischer Sch\u00fctzenbund DSB : Deutscher Sch\u00fctzenbund KSB : Kreissch\u00fctzenbund Meschede DBSV : Deutscher Bogensport Verband 1959 e.V. Befreundete Vereine: Bogensportfreunde Attendorn Bogensportclub Kreuztal TuS Barop 1862 e.V. &hellip; <a href=\"https:\/\/bsc-schmallenberg.de\/?page_id=153\" class=\"more-link\"><span class=\"screen-reader-text\">Linkliste<\/span> weiterlesen<\/a><\/p>\n","protected":false},"author":1,"featured_media":0,"parent":0,"menu_order":0,"comment_status":"closed","ping_status":"closed","template":"","meta":{"ngg_post_thumbnail":0,"footnotes":""},"class_list":["post-153","page","type-page","status-publish","hentry"],"_links":{"self":[{"href":"https:\/\/bsc-schmallenberg.de\/index.php?rest_route=\/wp\/v2\/pages\/153","targetHints":{"allow":["GET"]}}],"collection":[{"href":"https:\/\/bsc-schmallenberg.de\/index.php?rest_route=\/wp\/v2\/pages"}],"about":[{"href":"https:\/\/bsc-schmallenberg.de\/index.php?rest_route=\/wp\/v2\/types\/page"}],"author":[{"embeddable":true,"href":"https:\/\/bsc-schmallenberg.de\/index.php?rest_route=\/wp\/v2\/users\/1"}],"replies":[{"embeddable":true,"href":"https:\/\/bsc-schmallenberg.de\/index.php?rest_route=%2Fwp%2Fv2%2Fcomments&post=153"}],"version-history":[{"count":1,"href":"https:\/\/bsc-schmallenberg.de\/index.php?rest_route=\/wp\/v2\/pages\/153\/revisions"}],"predecessor-version":[{"id":154,"href":"https:\/\/bsc-schmallenberg.de\/index.php?rest_route=\/wp\/v2\/pages\/153\/revisions\/154"}],"wp:attachment":[{"href":"https:\/\/bsc-schmallenberg.de\/index.php?rest_route=%2Fwp%2Fv2%2Fmedia&parent=153"}],"curies":[{"name":"wp","href":"https:\/\/api.w.org\/{rel}","templated":true}]}}