{"id":119,"date":"2022-04-29T18:38:11","date_gmt":"2022-04-29T18:38:11","guid":{"rendered":"https:\/\/bsc-schmallenberg.de\/?page_id=119"},"modified":"2022-09-25T18:26:05","modified_gmt":"2022-09-25T18:26:05","slug":"vereinshistorie","status":"publish","type":"page","link":"https:\/\/bsc-schmallenberg.de\/?page_id=119","title":{"rendered":"Vereinshistorie"},"content":{"rendered":"\n<p>17 begeisterte Bogensch\u00fctzen schlossen sich 1979 zum Bogensportclub (BSC) Schmallenberg zusammen. Von den damaligen Gr\u00fcndungsmitgliedern\u00a0gibt es heute immer noch Sch\u00fctzen, die dem Verein die Treue halten.<\/p>\n\n\n\n<p>Heute geh\u00f6ren\u00a0dem Verein \u00fcber 100 Mitglieder aus allen Altersgruppen an. Einen\u00a0gro\u00dfen Wert legt der BSC auf die Jugendarbeit. Sch\u00fclerinnen und Sch\u00fcler, Jugendliche und Junioren bilden die Jugendgruppe, die von unserem Jugendwart und Jugendsprechern betreut wird.\u00a0<\/p>\n\n\n\n<p>Bei Kreis- \/ Bezirks- \/ Landes- \/ und Deutschen Meisterschaften haben die Bogensportler aus dem Stadtgebiet Schmallenberg schon sehr gute Medaillenpl\u00e4tze erreichen k\u00f6nnen.<\/p>\n\n\n\n<p>Geschossen wird in der Halle und im Freien.<\/p>\n\n\n\n<p>Im Freien (Bogenplatz auf der Lake II) beschie\u00dfen wir &#8222;Das Gold&#8220; von 10m (Anf\u00e4nger), 15,&nbsp;18, 25, 30, 40, 50, 60&nbsp;bis 70 oder sogar 90&nbsp;Metern Entfernung.<strong><br><br><\/strong>In der Halle (Sporthalle der Valentinschule) sind es 15 und 18 Meter bis zur Scheibe.<br>Einsteiger\/Anf\u00e4nger beginnen auch hier mit 10 Meter Entfernung, um ein Gef\u00fchl f\u00fcr den Bogen und den Schussablauf zu bekommen.<\/p>\n\n\n\n<p>Geschossen werden \u00fcberwiegend Recurveb\u00f6gen, aber auch Compound- und Blanksch\u00fctzen sind im Verein vertreten.<\/p>\n\n\n\n<p>Beim Bogenschie\u00dfen werden Muskulatur, B\u00e4nder, Sehnen, Wirbels\u00e4ule und Gelenke sowie Atmung, Geist und Seele in Einklang gebracht. Die Konzentration ist in dieser Sportart Voraussetzung, den Bewegungsapparat gezielt einzusetzen.<\/p>\n\n\n\n<p>Bogenschie\u00dfen ist auch&nbsp;bei vielen Reha &#8211; Zentren f\u00fcr Wirbels\u00e4ulenbeschwerden im Programm.<\/p>\n\n\n\n<p>Es ist somit ein Sport,&nbsp;bei&nbsp;dem K\u00f6rper und Geist fit bleiben und werden&#8230;!<\/p>\n\n\n\n<p class=\"has-text-align-left\"><\/p>\n","protected":false},"excerpt":{"rendered":"<p>17 begeisterte Bogensch\u00fctzen schlossen sich 1979 zum Bogensportclub (BSC) Schmallenberg zusammen. Von den damaligen Gr\u00fcndungsmitgliedern\u00a0gibt es heute immer noch Sch\u00fctzen, die dem Verein die Treue halten. Heute geh\u00f6ren\u00a0dem Verein \u00fcber &hellip; <a href=\"https:\/\/bsc-schmallenberg.de\/?page_id=119\" class=\"more-link\"><span class=\"screen-reader-text\">Vereinshistorie<\/span> weiterlesen<\/a><\/p>\n","protected":false},"author":1,"featured_media":0,"parent":0,"menu_order":0,"comment_status":"closed","ping_status":"closed","template":"","meta":{"ngg_post_thumbnail":0,"footnotes":""},"class_list":["post-119","page","type-page","status-publish","hentry"],"_links":{"self":[{"href":"https:\/\/bsc-schmallenberg.de\/index.php?rest_route=\/wp\/v2\/pages\/119","targetHints":{"allow":["GET"]}}],"collection":[{"href":"https:\/\/bsc-schmallenberg.de\/index.php?rest_route=\/wp\/v2\/pages"}],"about":[{"href":"https:\/\/bsc-schmallenberg.de\/index.php?rest_route=\/wp\/v2\/types\/page"}],"author":[{"embeddable":true,"href":"https:\/\/bsc-schmallenberg.de\/index.php?rest_route=\/wp\/v2\/users\/1"}],"replies":[{"embeddable":true,"href":"https:\/\/bsc-schmallenberg.de\/index.php?rest_route=%2Fwp%2Fv2%2Fcomments&post=119"}],"version-history":[{"count":5,"href":"https:\/\/bsc-schmallenberg.de\/index.php?rest_route=\/wp\/v2\/pages\/119\/revisions"}],"predecessor-version":[{"id":517,"href":"https:\/\/bsc-schmallenberg.de\/index.php?rest_route=\/wp\/v2\/pages\/119\/revisions\/517"}],"wp:attachment":[{"href":"https:\/\/bsc-schmallenberg.de\/index.php?rest_route=%2Fwp%2Fv2%2Fmedia&parent=119"}],"curies":[{"name":"wp","href":"https:\/\/api.w.org\/{rel}","templated":true}]}}