{"id":112,"date":"2022-04-29T18:32:29","date_gmt":"2022-04-29T18:32:29","guid":{"rendered":"https:\/\/bsc-schmallenberg.de\/?page_id=112"},"modified":"2026-03-14T15:39:58","modified_gmt":"2026-03-14T15:39:58","slug":"ausschreibungen","status":"publish","type":"page","link":"https:\/\/bsc-schmallenberg.de\/?page_id=112","title":{"rendered":"Ausschreibungen und Startlisten"},"content":{"rendered":"\n<h2 class=\"wp-block-heading\">18. Kreuztaler Hallenturnier<\/h2>\n\n\n\n<div data-wp-interactive=\"core\/file\" class=\"wp-block-file\"><object data-wp-bind--hidden=\"!state.hasPdfPreview\" hidden class=\"wp-block-file__embed\" data=\"https:\/\/bsc-schmallenberg.de\/wp-content\/uploads\/2026\/03\/18Hallenturnier-2026.pdf\" type=\"application\/pdf\" style=\"width:100%;height:600px\" aria-label=\"Einbettung von 18Hallenturnier-2026.\"><\/object><a id=\"wp-block-file--media-d0733653-6098-4e16-b2d1-813f9fc9af61\" href=\"https:\/\/bsc-schmallenberg.de\/wp-content\/uploads\/2026\/03\/18Hallenturnier-2026.pdf\">18Hallenturnier-2026<\/a><a href=\"https:\/\/bsc-schmallenberg.de\/wp-content\/uploads\/2026\/03\/18Hallenturnier-2026.pdf\" class=\"wp-block-file__button wp-element-button\" download aria-describedby=\"wp-block-file--media-d0733653-6098-4e16-b2d1-813f9fc9af61\">Herunterladen<\/a><\/div>\n\n\n\n<div data-wp-interactive=\"core\/file\" class=\"wp-block-file\"><object data-wp-bind--hidden=\"!state.hasPdfPreview\" hidden class=\"wp-block-file__embed\" data=\"https:\/\/bsc-schmallenberg.de\/wp-content\/uploads\/2026\/03\/StartlisteKHT-1-3.pdf\" type=\"application\/pdf\" style=\"width:100%;height:600px\" aria-label=\"Einbettung von StartlisteKHT-1.\"><\/object><a id=\"wp-block-file--media-f094d2d7-c6db-4816-8ef3-b612f9d61eda\" href=\"https:\/\/bsc-schmallenberg.de\/wp-content\/uploads\/2026\/03\/StartlisteKHT-1-3.pdf\">StartlisteKHT-1<\/a><a href=\"https:\/\/bsc-schmallenberg.de\/wp-content\/uploads\/2026\/03\/StartlisteKHT-1-3.pdf\" class=\"wp-block-file__button wp-element-button\" download aria-describedby=\"wp-block-file--media-f094d2d7-c6db-4816-8ef3-b612f9d61eda\">Herunterladen<\/a><\/div>\n\n\n\n<div data-wp-interactive=\"core\/file\" class=\"wp-block-file\"><object data-wp-bind--hidden=\"!state.hasPdfPreview\" hidden class=\"wp-block-file__embed\" data=\"https:\/\/bsc-schmallenberg.de\/wp-content\/uploads\/2026\/03\/StartlisteKHT-2-2.pdf\" type=\"application\/pdf\" style=\"width:100%;height:600px\" aria-label=\"Einbettung von StartlisteKHT-2.\"><\/object><a id=\"wp-block-file--media-4f7e4ef1-3ddb-418c-9f3d-06e4f196dd68\" href=\"https:\/\/bsc-schmallenberg.de\/wp-content\/uploads\/2026\/03\/StartlisteKHT-2-2.pdf\">StartlisteKHT-2<\/a><a href=\"https:\/\/bsc-schmallenberg.de\/wp-content\/uploads\/2026\/03\/StartlisteKHT-2-2.pdf\" class=\"wp-block-file__button wp-element-button\" download aria-describedby=\"wp-block-file--media-4f7e4ef1-3ddb-418c-9f3d-06e4f196dd68\">Herunterladen<\/a><\/div>\n\n\n\n<div data-wp-interactive=\"core\/file\" class=\"wp-block-file\"><object data-wp-bind--hidden=\"!state.hasPdfPreview\" hidden class=\"wp-block-file__embed\" data=\"https:\/\/bsc-schmallenberg.de\/wp-content\/uploads\/2026\/03\/StartlisteKHT-1-1.pdf\" type=\"application\/pdf\" style=\"width:100%;height:600px\" aria-label=\"Einbettung von StartlisteKHT-1.\"><\/object><a id=\"wp-block-file--media-2465761e-1fc4-48b9-a9e2-460cd4116faa\" href=\"https:\/\/bsc-schmallenberg.de\/wp-content\/uploads\/2026\/03\/StartlisteKHT-1-1.pdf\">StartlisteKHT-1<\/a><a href=\"https:\/\/bsc-schmallenberg.de\/wp-content\/uploads\/2026\/03\/StartlisteKHT-1-1.pdf\" class=\"wp-block-file__button wp-element-button\" download aria-describedby=\"wp-block-file--media-2465761e-1fc4-48b9-a9e2-460cd4116faa\">Herunterladen<\/a><\/div>\n\n\n\n<hr class=\"wp-block-separator has-alpha-channel-opacity\"\/>\n\n\n\n<h2 class=\"wp-block-heading\">KreuzTALER Spa\u00df-Turnier f\u00fcr Anf\u00e4nger<\/h2>\n\n\n\n<div data-wp-interactive=\"core\/file\" class=\"wp-block-file\"><object data-wp-bind--hidden=\"!state.hasPdfPreview\" hidden class=\"wp-block-file__embed\" data=\"https:\/\/bsc-schmallenberg.de\/wp-content\/uploads\/2026\/03\/1773341505203Spassturnier-1-1.pdf\" type=\"application\/pdf\" style=\"width:100%;height:600px\" aria-label=\"Einbettung von 1773341505203Spassturnier-1.\"><\/object><a id=\"wp-block-file--media-8729bf2e-3407-41e3-af3f-24da10cca38a\" href=\"https:\/\/bsc-schmallenberg.de\/wp-content\/uploads\/2026\/03\/1773341505203Spassturnier-1-1.pdf\">1773341505203Spassturnier-1<\/a><a href=\"https:\/\/bsc-schmallenberg.de\/wp-content\/uploads\/2026\/03\/1773341505203Spassturnier-1-1.pdf\" class=\"wp-block-file__button wp-element-button\" download aria-describedby=\"wp-block-file--media-8729bf2e-3407-41e3-af3f-24da10cca38a\">Herunterladen<\/a><\/div>\n\n\n\n<hr class=\"wp-block-separator has-alpha-channel-opacity\"\/>\n\n\n\n<h2 class=\"wp-block-heading\">Bezirksmeisterschaft Bogen WA im Freien 2026<\/h2>\n\n\n\n<div data-wp-interactive=\"core\/file\" class=\"wp-block-file\"><object data-wp-bind--hidden=\"!state.hasPdfPreview\" hidden class=\"wp-block-file__embed\" data=\"https:\/\/bsc-schmallenberg.de\/wp-content\/uploads\/2026\/03\/Ausschreibung-WA-2026-1.pdf\" type=\"application\/pdf\" style=\"width:100%;height:600px\" aria-label=\"Einbettung von Ausschreibung-WA-2026-1.\"><\/object><a id=\"wp-block-file--media-f9748d17-642b-4534-b031-09b278ca5bcc\" href=\"https:\/\/bsc-schmallenberg.de\/wp-content\/uploads\/2026\/03\/Ausschreibung-WA-2026-1.pdf\">Ausschreibung-WA-2026-1<\/a><a href=\"https:\/\/bsc-schmallenberg.de\/wp-content\/uploads\/2026\/03\/Ausschreibung-WA-2026-1.pdf\" class=\"wp-block-file__button wp-element-button\" download aria-describedby=\"wp-block-file--media-f9748d17-642b-4534-b031-09b278ca5bcc\">Herunterladen<\/a><\/div>\n\n\n\n<p><\/p>\n","protected":false},"excerpt":{"rendered":"<p>18. Kreuztaler Hallenturnier KreuzTALER Spa\u00df-Turnier f\u00fcr Anf\u00e4nger Bezirksmeisterschaft Bogen WA im Freien 2026<\/p>\n","protected":false},"author":1,"featured_media":0,"parent":0,"menu_order":0,"comment_status":"closed","ping_status":"closed","template":"templates\/full-width-page.php","meta":{"ngg_post_thumbnail":0,"footnotes":""},"class_list":["post-112","page","type-page","status-publish","hentry"],"_links":{"self":[{"href":"https:\/\/bsc-schmallenberg.de\/index.php?rest_route=\/wp\/v2\/pages\/112","targetHints":{"allow":["GET"]}}],"collection":[{"href":"https:\/\/bsc-schmallenberg.de\/index.php?rest_route=\/wp\/v2\/pages"}],"about":[{"href":"https:\/\/bsc-schmallenberg.de\/index.php?rest_route=\/wp\/v2\/types\/page"}],"author":[{"embeddable":true,"href":"https:\/\/bsc-schmallenberg.de\/index.php?rest_route=\/wp\/v2\/users\/1"}],"replies":[{"embeddable":true,"href":"https:\/\/bsc-schmallenberg.de\/index.php?rest_route=%2Fwp%2Fv2%2Fcomments&post=112"}],"version-history":[{"count":26,"href":"https:\/\/bsc-schmallenberg.de\/index.php?rest_route=\/wp\/v2\/pages\/112\/revisions"}],"predecessor-version":[{"id":2652,"href":"https:\/\/bsc-schmallenberg.de\/index.php?rest_route=\/wp\/v2\/pages\/112\/revisions\/2652"}],"wp:attachment":[{"href":"https:\/\/bsc-schmallenberg.de\/index.php?rest_route=%2Fwp%2Fv2%2Fmedia&parent=112"}],"curies":[{"name":"wp","href":"https:\/\/api.w.org\/{rel}","templated":true}]}}